{"id":21,"date":"2018-08-29T20:17:20","date_gmt":"2018-08-29T20:17:20","guid":{"rendered":"http:\/\/www.uvm.edu\/neurobotics\/?page_id=21"},"modified":"2026-03-20T21:15:50","modified_gmt":"2026-03-20T21:15:50","slug":"people","status":"publish","type":"page","link":"https:\/\/www.uvm.edu\/neurobotics\/people","title":{"rendered":"People"},"content":{"rendered":"<h4 style=\"text-align: center;\">Principal Investigator \/ Lab Director \/ Benevolent Overlord \/ Head Cheerleader:<\/h4>\n<table style=\"width: 100%; border-collapse: collapse; border: none;\">\n<tbody>\n<tr>\n<td style=\"width: 20%; padding: 10px; vertical-align: center; border: none;\"><img class=\"circle-image wp-image-266 size-thumbnail alignleft\" style=\"width: 100%; height: auto; border-radius: 50%;\" src=\"https:\/\/www.uvm.edu\/neurobotics\/wp-content\/uploads\/cheney_headshot_square-1-scaled.jpg\" alt=\"\" \/><\/td>\n<td style=\"width: 80%; padding: 10px; vertical-align: center; border: none;\"><a href=\"http:\/\/www.ncheney.com\/\" target=\"_blank\" rel=\"noopener\">Nick Cheney<\/a> (<a href=\"https:\/\/www.ncheney.com\/cvDownload\/Cheney_CV.pdf\" target=\"_blank\" rel=\"noopener\">cv<\/a>)<br \/>\nAssociate Professor of Computer Science<br \/>\nPhD, Computational Biology, Cornell University<br \/>\nB.S., Mathematics, University of Vermont<\/td>\n<\/tr>\n<\/tbody>\n<\/table>\n<h4 style=\"text-align: center;\">Graduate Researchers:<\/h4>\n<table style=\"width: 100%; border-collapse: collapse; border: none;\">\n<tbody>\n<tr>\n<td style=\"width: 20%; padding: 10px; vertical-align: center; border: none;\"><img loading=\"lazy\" width=\"150\" height=\"150\" class=\"circle-image wp-image-266 size-thumbnail alignleft\" style=\"width: 100%; height: auto; border-radius: 50%;\" src=\"https:\/\/www.uvm.edu\/neurobotics\/wp-content\/uploads\/headshot-square-sm-150x150.jpg\" alt=\"\" srcset=\"https:\/\/www.uvm.edu\/neurobotics\/wp-content\/uploads\/headshot-square-sm-150x150.jpg 150w, https:\/\/www.uvm.edu\/neurobotics\/wp-content\/uploads\/headshot-square-sm-300x300.jpg 300w, https:\/\/www.uvm.edu\/neurobotics\/wp-content\/uploads\/headshot-square-sm.jpg 756w\" sizes=\"(max-width: 150px) 100vw, 150px\" \/><\/td>\n<td style=\"width: 80%; padding: 10px; vertical-align: center; border: none;\"><a href=\"http:\/\/ntraft.com\/\">Neil Traft<\/a><br \/>\nPhD Student in Complex Systems and Data Science<br \/>\nM.S., Computer Science, University of British Columbia<br \/>\nB.S., Computer Science and English, Tulane University<\/td>\n<\/tr>\n<tr>\n<td style=\"width: 20%; padding: 10px; vertical-align: center; border: none;\"><img class=\"circle-image wp-image-266 size-thumbnail alignleft\" style=\"width: 100%; height: auto; border-radius: 50%;\" src=\"https:\/\/www.uvm.edu\/neurobotics\/wp-content\/uploads\/Donovan-Jordan-1-150x150.jpg\" alt=\"\" \/><\/td>\n<td style=\"width: 80%; padding: 10px; vertical-align: center; border: none;\"><a href=\"https:\/\/www.jordandonovan.com\/\">Jordan Donovan<\/a><br \/>\nPhD Student in Computer Science<br \/>\nM.S., Computer Science, Mississippi State University<br \/>\nB.S., Computer Science, University of Mississippi<\/td>\n<\/tr>\n<tr>\n<td style=\"width: 20%; padding: 10px; vertical-align: center; border: none;\"><img class=\"circle-image wp-image-266 size-thumbnail alignleft\" style=\"width: 100%; height: auto; border-radius: 50%;\" src=\"https:\/\/www.uvm.edu\/neurobotics\/wp-content\/uploads\/jackson_dean-150x150.jpg\" alt=\"\" \/><\/td>\n<td style=\"width: 80%; padding: 10px; vertical-align: center; border: none;\"><a href=\"https:\/\/www.linkedin.com\/in\/jackson-dean-75b665140\/\">Jackson Dean<\/a><br \/>\nPhD Student in Complex Systems and Data Science<br \/>\nB.A., Psychology, Macalester College<\/td>\n<\/tr>\n<tr>\n<td style=\"width: 20%; padding: 10px; vertical-align: center; border: none;\"><img class=\"circle-image wp-image-266 size-thumbnail alignleft\" style=\"width: 100%; height: auto; border-radius: 50%;\" src=\"https:\/\/www.uvm.edu\/neurobotics\/wp-content\/uploads\/alican_mertan-150x150.jpeg\" alt=\"\" \/><\/td>\n<td style=\"width: 80%; padding: 10px; vertical-align: center; border: none;\"><a href=\"https:\/\/www.linkedin.com\/in\/alican-mertan-924537b8\/\">Alican Mertan<\/a><br \/>\nPhD Student in Computer Science<br \/>\nM.S., Computer Engineering, Istanbul Technical University<br \/>\nB.S., Computer Engineering, Istanbul Technical University<\/td>\n<\/tr>\n<tr>\n<td style=\"width: 20%; padding: 10px; vertical-align: center; border: none;\"><img class=\"circle-image wp-image-266 size-thumbnail alignleft\" style=\"width: 100%; height: auto; border-radius: 50%;\" src=\"https:\/\/www.uvm.edu\/neurobotics\/wp-content\/uploads\/brynn-150x150.jpeg\" alt=\"\" \/><\/td>\n<td style=\"width: 80%; padding: 10px; vertical-align: center; border: none;\"><a href=\"https:\/\/www.brynloftness.com\/\">Bryn Loftness<\/a><br \/>\nPhD Student in Complex Systems and Data Science<br \/>\nB.S., Computer Science, Colorado Mesa University<\/td>\n<\/tr>\n<tr>\n<td style=\"width: 20%; padding: 10px; vertical-align: center; border: none;\"><img class=\"circle-image wp-image-266 size-thumbnail alignleft\" style=\"width: 100%; height: auto; border-radius: 50%;\" src=\"https:\/\/www.uvm.edu\/neurobotics\/wp-content\/uploads\/nate-150x150.jpg\" alt=\"\" \/><\/td>\n<td style=\"width: 80%; padding: 10px; vertical-align: center; border: none;\"><a href=\"https:\/\/thinkingwithnate.wordpress.com\/\">Nate Gaylinn<\/a><br \/>\nPhD Student in Computer Science<br \/>\nStaff Software Engineer for Google Search (2007-2021)<br \/>\nB.S., Computer Science, Brown University<\/td>\n<\/tr>\n<tr>\n<td style=\"width: 20%; padding: 10px; vertical-align: center; border: none;\"><img class=\"circle-image wp-image-266 size-thumbnail alignleft\" style=\"width: 100%; height: auto; border-radius: 50%;\" src=\"https:\/\/www.uvm.edu\/neurobotics\/wp-content\/uploads\/lute_lillo-150x150.jpeg\" alt=\"\" \/><\/td>\n<td style=\"width: 80%; padding: 10px; vertical-align: center; border: none;\"><a href=\"https:\/\/www.linkedin.com\/in\/lute47lillo\/\">Lute Lillo<\/a><br \/>\nPhD Student in Computer Science<br \/>\nM.S., Computer Science, University of Nebraska at Omaha<br \/>\nB.S., Computer Science, University of Nebraska at Omaha<\/td>\n<\/tr>\n<tr>\n<td style=\"width: 20%; padding: 10px; vertical-align: center; border: none;\"><img class=\"circle-image wp-image-266 size-thumbnail alignleft\" style=\"width: 100%; height: auto; border-radius: 50%;\" src=\"https:\/\/www.uvm.edu\/neurobotics\/wp-content\/uploads\/1700490358416-150x150.jpeg\" alt=\"\" \/><\/td>\n<td style=\"width: 80%; padding: 10px; vertical-align: center; border: none;\"><a href=\"https:\/\/www.linkedin.com\/in\/collin-coil-596bb5224\/\">Colin Coil<\/a><br \/>\nPhD Student in Computer Science<br \/>\nB.S., Mathematics, American University<\/td>\n<\/tr>\n<tr>\n<td style=\"width: 20%; padding: 10px; vertical-align: center; border: none;\"><img loading=\"lazy\" class=\"circle-image alignnone wp-image-543 size-full\" style=\"width: 100%; height: auto; border-radius: 50%;\" src=\"https:\/\/www.uvm.edu\/neurobotics\/wp-content\/uploads\/fitz.jpeg\" alt=\"\" width=\"800\" height=\"800\" srcset=\"https:\/\/www.uvm.edu\/neurobotics\/wp-content\/uploads\/fitz.jpeg 800w, https:\/\/www.uvm.edu\/neurobotics\/wp-content\/uploads\/fitz-300x300.jpeg 300w, https:\/\/www.uvm.edu\/neurobotics\/wp-content\/uploads\/fitz-150x150.jpeg 150w, https:\/\/www.uvm.edu\/neurobotics\/wp-content\/uploads\/fitz-768x768.jpeg 768w\" sizes=\"(max-width: 800px) 100vw, 800px\" \/><\/td>\n<td style=\"width: 80%; padding: 10px; vertical-align: center; border: none;\"><a href=\"https:\/\/www.linkedin.com\/in\/collin-coil-596bb5224\/\">Fitz Koch<\/a><br \/>\nMS Student in Complex Systems and Data Science<br \/>\nB.S., English, University of Chicago<\/td>\n<\/tr>\n<\/tbody>\n<\/table>\n<h4 style=\"text-align: center;\">Undergraduate Researchers:<\/h4>\n<table style=\"width: 100%; border-collapse: collapse; border: none;\">\n<tbody>\n<tr>\n<td style=\"width: 20%; padding: 10px; vertical-align: center; border: none;\"><img class=\"circle-image wp-image-266 size-thumbnail alignleft\" style=\"width: 100%; height: auto; border-radius: 50%;\" src=\"https:\/\/www.uvm.edu\/neurobotics\/wp-content\/uploads\/1659144254284.jpeg\" alt=\"\" \/><\/td>\n<td style=\"width: 80%; padding: 10px; vertical-align: center; border: none;\"><a href=\"https:\/\/www.linkedin.com\/in\/livi-poon-9a93a8116\/\">Livi Poon<\/a><br \/>\nB.A. Student in Computer Science and Neuroscience<\/td>\n<\/tr>\n<tr>\n<td style=\"width: 20%; padding: 10px; vertical-align: center; border: none;\"><img loading=\"lazy\" class=\"circle-image alignnone wp-image-555 size-full\" style=\"width: 100%; height: auto; border-radius: 50%;\" src=\"https:\/\/www.uvm.edu\/neurobotics\/wp-content\/uploads\/derin.jpeg\" alt=\"\" width=\"800\" height=\"800\" srcset=\"https:\/\/www.uvm.edu\/neurobotics\/wp-content\/uploads\/derin.jpeg 800w, https:\/\/www.uvm.edu\/neurobotics\/wp-content\/uploads\/derin-300x300.jpeg 300w, https:\/\/www.uvm.edu\/neurobotics\/wp-content\/uploads\/derin-150x150.jpeg 150w, https:\/\/www.uvm.edu\/neurobotics\/wp-content\/uploads\/derin-768x768.jpeg 768w\" sizes=\"(max-width: 800px) 100vw, 800px\" \/><\/td>\n<td style=\"width: 80%; padding: 10px; vertical-align: center; border: none;\"><a href=\"https:\/\/www.linkedin.com\/in\/deringezgin\/\">Derin Gezgin<\/a><br \/>\nB.S. Student in Computer Science and Statistics, Connecticut College<\/td>\n<\/tr>\n<\/tbody>\n<\/table>\n<h4 style=\"text-align: center;\">Prospective Students:<\/h4>\n<table style=\"width: 100%; border-collapse: collapse; border: none;\">\n<tbody>\n<tr>\n<td style=\"width: 20%; padding: 10px; vertical-align: center; border: none;\"><img class=\"circle-image wp-image-266 size-thumbnail alignleft\" style=\"width: 100%; height: auto; border-radius: 50%;\" src=\"https:\/\/www.uvm.edu\/neurobotics\/wp-content\/uploads\/crowCsysPhd-150x150.png\" alt=\"\" \/><\/td>\n<td style=\"width: 80%; padding: 10px; vertical-align: center; border: none;\">You could be on this page too &#8212;\u00a0<a href=\"https:\/\/www.uvm.edu\/neurobotics\/join-us\">join us<\/a>!<\/td>\n<\/tr>\n<\/tbody>\n<\/table>\n<h4><img loading=\"lazy\" class=\"wp-image-280 size-large aligncenter\" src=\"https:\/\/www.uvm.edu\/neurobotics\/wp-content\/uploads\/PXL_20221008_202612572_5-1024x768.jpg\" alt=\"\" width=\"900\" height=\"675\" srcset=\"https:\/\/www.uvm.edu\/neurobotics\/wp-content\/uploads\/PXL_20221008_202612572_5-1024x768.jpg 1024w, https:\/\/www.uvm.edu\/neurobotics\/wp-content\/uploads\/PXL_20221008_202612572_5-300x225.jpg 300w, https:\/\/www.uvm.edu\/neurobotics\/wp-content\/uploads\/PXL_20221008_202612572_5-768x576.jpg 768w, https:\/\/www.uvm.edu\/neurobotics\/wp-content\/uploads\/PXL_20221008_202612572_5-1536x1152.jpg 1536w, https:\/\/www.uvm.edu\/neurobotics\/wp-content\/uploads\/PXL_20221008_202612572_5-2048x1536.jpg 2048w\" sizes=\"(max-width: 900px) 100vw, 900px\" \/><\/h4>\n<h4><img loading=\"lazy\" class=\"aligncenter wp-image-458 size-large\" src=\"https:\/\/www.uvm.edu\/neurobotics\/wp-content\/uploads\/PXL_20240725_175102713-1024x768.jpg\" alt=\"\" width=\"900\" height=\"675\" srcset=\"https:\/\/www.uvm.edu\/neurobotics\/wp-content\/uploads\/PXL_20240725_175102713-1024x768.jpg 1024w, https:\/\/www.uvm.edu\/neurobotics\/wp-content\/uploads\/PXL_20240725_175102713-300x225.jpg 300w, https:\/\/www.uvm.edu\/neurobotics\/wp-content\/uploads\/PXL_20240725_175102713-768x576.jpg 768w, https:\/\/www.uvm.edu\/neurobotics\/wp-content\/uploads\/PXL_20240725_175102713-1536x1152.jpg 1536w, https:\/\/www.uvm.edu\/neurobotics\/wp-content\/uploads\/PXL_20240725_175102713-2048x1536.jpg 2048w\" sizes=\"(max-width: 900px) 100vw, 900px\" \/><\/h4>\n<h4><\/h4>\n<h4 style=\"text-align: center;\">Alumni:<\/h4>\n<table style=\"width: 100%; border-collapse: collapse; border: none;\">\n<tbody>\n<tr>\n<td style=\"width: 20%; padding: 10px; vertical-align: center; border: none;\"><img class=\"circle-image wp-image-266 size-thumbnail alignleft\" style=\"width: 100%; height: auto; border-radius: 50%;\" src=\"https:\/\/www.uvm.edu\/neurobotics\/wp-content\/uploads\/lapo-1-150x150.jpg\" alt=\"\" \/><\/td>\n<td style=\"width: 80%; padding: 10px; vertical-align: center; border: none;\"><a href=\"https:\/\/github.com\/lfrati\">Dr. Lapo Frati<\/a><br \/>\nPhD, Complex Systems and Data Science (2025)<br \/>\nM.S., Computer Science, University of Pisa<br \/>\nB.S., Computer Science, University of Pisa<br \/>\n(next: ML Research Engineer, T\u00fcbingen AI Center)<\/td>\n<\/tr>\n<tr>\n<td style=\"width: 20%; padding: 10px; vertical-align: center; border: none;\"><img class=\"circle-image wp-image-266 size-thumbnail alignleft\" style=\"width: 100%; height: auto; border-radius: 50%;\" src=\"https:\/\/www.uvm.edu\/neurobotics\/wp-content\/uploads\/gabriel-150x150.jpg\" alt=\"\" \/><\/td>\n<td style=\"width: 80%; padding: 10px; vertical-align: center; border: none;\"><a href=\"https:\/\/www.linkedin.com\/in\/gabriel-meyer-lee-3a6904132\/\">Dr. Gabriel Meyer-Lee<\/a><br \/>\nPhD, Computer Science (2025)<br \/>\nB.S., Engineering, Swarthmore College<br \/>\nB.A., Cognitive Science, Swarthmore College<br \/>\n(next: Postdoc, New York Structural Biology Center)<\/td>\n<\/tr>\n<tr>\n<td style=\"width: 20%; padding: 10px; vertical-align: center; border: none;\"><img class=\"circle-image wp-image-266 size-thumbnail alignleft\" style=\"width: 100%; height: auto; border-radius: 50%;\" src=\"https:\/\/www.uvm.edu\/neurobotics\/wp-content\/uploads\/IMG_8346-e1713797249670-150x150.jpg\" alt=\"\" \/><\/td>\n<td style=\"width: 80%; padding: 10px; vertical-align: center; border: none;\"><a href=\"https:\/\/www.linkedin.com\/in\/csenge-petak-80956512a\/\/\">Dr. Csenge Petak<\/a><br \/>\nPhD, Biology (2025)<br \/>\nB.S., Biology, University of Southampton<br \/>\n(next: Postdoc, Friedrich Miescher Laboratory of the Max Planck Society)<\/td>\n<\/tr>\n<tr>\n<td style=\"width: 20%; padding: 10px; vertical-align: center; border: none;\"><img class=\"circle-image wp-image-266 size-thumbnail alignleft\" style=\"width: 100%; height: auto; border-radius: 50%;\" src=\"https:\/\/www.uvm.edu\/neurobotics\/wp-content\/uploads\/1685362516635-150x150.jpeg\" alt=\"\" \/><\/td>\n<td style=\"width: 80%; padding: 10px; vertical-align: center; border: none;\"><a href=\"https:\/\/www.linkedin.com\/in\/annasrees\/\">Anna Rees<\/a><br \/>\nM.S., Complex Systems and Data Science (2025)<br \/>\nB.S., Computer Science, University of Vermont<br \/>\n(next: IT Associate, Biogen)<\/td>\n<\/tr>\n<tr>\n<td style=\"width: 20%; padding: 10px; vertical-align: center; border: none;\"><img class=\"circle-image wp-image-266 size-thumbnail alignleft\" style=\"width: 100%; height: auto; border-radius: 50%;\" src=\"https:\/\/www.uvm.edu\/neurobotics\/wp-content\/uploads\/1691960618392-150x150.jpeg\" alt=\"\" \/><\/td>\n<td style=\"width: 80%; padding: 10px; vertical-align: center; border: none;\"><a href=\"https:\/\/www.linkedin.com\/in\/jordan-bourdeau-b4a624252\/overlay\/photo\/?trk=public_profile_samename-profile\">Jordan Bourdeau<\/a><br \/>\nB.S., Computer Science (2025)<br \/>\nB.S., Complex Systems and Data Science (2025)<br \/>\n(next: MS student, University of Vermont)<\/td>\n<\/tr>\n<tr>\n<td style=\"width: 20%; padding: 10px; vertical-align: center; border: none;\"><img class=\"circle-image wp-image-266 size-thumbnail alignleft\" style=\"width: 100%; height: auto; border-radius: 50%;\" src=\"https:\/\/www.uvm.edu\/neurobotics\/wp-content\/uploads\/brad-150x150.jpeg\" alt=\"\" \/><\/td>\n<td style=\"width: 80%; padding: 10px; vertical-align: center; border: none;\"><a href=\"https:\/\/www.linkedin.com\/in\/bradford-demarest-83422851\/\">Dr. Brad Demarest<\/a><br \/>\nPostdoctoral Associate (2024)<br \/>\nPhD, Information Science\/Studies, Indiana University Bloomington<br \/>\nM.F.A., Creative Writing, New York University<br \/>\nB.A., English Language and Literature\/Letters, Rice University<br \/>\n(next: Assistant Professor, St. Michael&#8217;s College)<\/td>\n<\/tr>\n<tr>\n<td style=\"width: 20%; padding: 10px; vertical-align: center; border: none;\"><img class=\"circle-image wp-image-266 size-thumbnail alignleft\" style=\"width: 100%; height: auto; border-radius: 50%;\" src=\"https:\/\/www.uvm.edu\/neurobotics\/wp-content\/uploads\/shawn.jpg\" alt=\"\" \/><\/td>\n<td style=\"width: 80%; padding: 10px; vertical-align: center; border: none;\"><a href=\"https:\/\/www.linkedin.com\/in\/shawn-lawrence-beaulieu-682021142\/\">Dr. Shawn Beaulieu<\/a><br \/>\nPhD, Complex Systems and Data Science (2023)<br \/>\nM.S., Complex Systems and Data Science, University of Vermont<br \/>\nB.S., Biomolecular Science, Clarkson University<br \/>\n(next: Postdoc, UVM\/Tufts\/Harvard)<\/td>\n<\/tr>\n<tr>\n<td style=\"width: 20%; padding: 10px; vertical-align: center; border: none;\"><img class=\"circle-image wp-image-266 size-thumbnail alignleft\" style=\"width: 100%; height: auto; border-radius: 50%;\" src=\"https:\/\/www.uvm.edu\/neurobotics\/wp-content\/uploads\/ollin-e1536321657329-150x150.jpg\" alt=\"\" \/><\/td>\n<td style=\"width: 80%; padding: 10px; vertical-align: center; border: none;\"><a href=\"http:\/\/www.ollinlangle.com\/\" target=\"_blank\" rel=\"noopener\">Dr. Ollin Langle<\/a><br \/>\nPhD, Complex Systems and Data Science (2023)<br \/>\nM.S., Data Science, Instituto Tecnol\u00f3gico Aut\u00f3nomo de M\u00e9xico (ITAM)<br \/>\nB.S., Physics, Universidad Nacional Aut\u00f3noma de M\u00e9xico (UNAM)<br \/>\n(next: Senior Data Scientist, ThinkMD; Postdoc, UC Berkeley)<\/td>\n<\/tr>\n<tr>\n<td style=\"width: 20%; padding: 10px; vertical-align: center; border: none;\"><img class=\"circle-image wp-image-266 size-thumbnail alignleft\" style=\"width: 100%; height: auto; border-radius: 50%;\" src=\"https:\/\/www.uvm.edu\/neurobotics\/wp-content\/uploads\/brett-150x150.jpeg\" alt=\"\" \/><\/td>\n<td style=\"width: 80%; padding: 10px; vertical-align: center; border: none;\"><a href=\"https:\/\/www.linkedin.com\/in\/brett-meyer-459099136\/\">Dr. Brett Meyer<\/a><br \/>\nPhD, Complex Systems and Data Science (2023)<br \/>\nB.S., Biomedical\/Mechanical Engineering, University of Vermont<br \/>\n(next: Senior Data Scientist, Medidata)<\/td>\n<\/tr>\n<tr>\n<td style=\"width: 20%; padding: 10px; vertical-align: center; border: none;\"><img class=\"circle-image wp-image-266 size-thumbnail alignleft\" style=\"width: 100%; height: auto; border-radius: 50%;\" src=\"https:\/\/www.uvm.edu\/neurobotics\/wp-content\/uploads\/axel-150x150.jpeg\" alt=\"\" \/><\/td>\n<td style=\"width: 80%; padding: 10px; vertical-align: center; border: none;\"><a href=\"https:\/\/www.linkedin.com\/in\/axel-masquelin\/\">Dr. Axel Masquelin<\/a><br \/>\nPhD, Biomedical Engineering (2023)<br \/>\nB.S., Biomedical Engineering, Purdue University<br \/>\n(next: Postdoc, Brigham and Women\u2019s Hospital, Harvard Medical School)<\/td>\n<\/tr>\n<tr>\n<td style=\"width: 20%; padding: 10px; vertical-align: center; border: none;\"><img class=\"circle-image wp-image-266 size-thumbnail alignleft\" style=\"width: 100%; height: auto; border-radius: 50%;\" src=\"https:\/\/www.uvm.edu\/neurobotics\/wp-content\/uploads\/ashley_heath-150x150.jpg\" alt=\"\" \/><\/td>\n<td style=\"width: 80%; padding: 10px; vertical-align: center; border: none;\"><a href=\"https:\/\/www.linkedin.com\/in\/ashleyzheath\/\">Ashley Heath<\/a><br \/>\nB.S. Student in Complex Systems and Data Science (2023)<br \/>\n(next: Intern, Diameter Health)<\/td>\n<\/tr>\n<tr>\n<td style=\"width: 20%; padding: 10px; vertical-align: center; border: none;\"><img class=\"circle-image wp-image-266 size-thumbnail alignleft\" style=\"width: 100%; height: auto; border-radius: 50%;\" src=\"https:\/\/www.uvm.edu\/neurobotics\/wp-content\/uploads\/mathew-150x150.jpeg\" alt=\"\" \/><\/td>\n<td style=\"width: 80%; padding: 10px; vertical-align: center; border: none;\"><a href=\"https:\/\/www.linkedin.com\/in\/mkoretsky1\/\">Mathew Koretsky<\/a><br \/>\nB.S., Complex Systems and Data Science (2020)<br \/>\n(next: Postbac Researcher, NIH; ML Engineer, DataTecnica)<\/td>\n<\/tr>\n<\/tbody>\n<\/table>\n<p><!--\n\n\n<h4 style=\"text-align: center;\">Collaborators:<\/h4>\n\n\n\n\n<p style=\"text-align: center;\">As an interdisciplinary team, much of the work that we do occurs through collaborations with fantastic research partners across many departments, universities, and industries.\u00a0 While they are far too many to list in full, we would be remiss not to mention the UVM Morphology, Evolution, and Cognition Lab; the UVM M-Sense Research Group, the UVM Social-Ecological Simulation and Gaming Lab; the UVM Medical Center; the University of Wyoming EvolvingAI Lab, and OpenAI.<\/p>\n\n\n\n\n<p style=\"text-align: center;\">If your data set, methodology, or research question seems like it would mesh well with the type of work that we do, please don't hesitate to <a href=\"http:\/\/uvm.edu\/neurobotics\/contact\">contact us<\/a>!<\/p>\n\n\n\n\n<p style=\"text-align: center;\">\n\n--><\/p>\n","protected":false},"excerpt":{"rendered":"<p>Principal Investigator \/ Lab Director \/ Benevolent Overlord \/ Head Cheerleader: Nick Cheney (cv) Associate Professor of Computer Science PhD, Computational Biology, Cornell University B.S., Mathematics, University of Vermont Graduate Researchers: Neil Traft PhD Student in Complex Systems and Data&hellip;<\/p>\n<div class=\"link-more\"><a href=\"https:\/\/www.uvm.edu\/neurobotics\/people#more-21\" class=\"more-link\">Continue reading &#10142; <span class=\"screen-reader-text\">People<\/span><\/a><\/div>","protected":false},"author":1,"featured_media":0,"parent":0,"menu_order":0,"comment_status":"closed","ping_status":"closed","template":"","meta":[],"_links":{"self":[{"href":"https:\/\/www.uvm.edu\/neurobotics\/wp-json\/wp\/v2\/pages\/21"}],"collection":[{"href":"https:\/\/www.uvm.edu\/neurobotics\/wp-json\/wp\/v2\/pages"}],"about":[{"href":"https:\/\/www.uvm.edu\/neurobotics\/wp-json\/wp\/v2\/types\/page"}],"author":[{"embeddable":true,"href":"https:\/\/www.uvm.edu\/neurobotics\/wp-json\/wp\/v2\/users\/1"}],"replies":[{"embeddable":true,"href":"https:\/\/www.uvm.edu\/neurobotics\/wp-json\/wp\/v2\/comments?post=21"}],"version-history":[{"count":105,"href":"https:\/\/www.uvm.edu\/neurobotics\/wp-json\/wp\/v2\/pages\/21\/revisions"}],"predecessor-version":[{"id":556,"href":"https:\/\/www.uvm.edu\/neurobotics\/wp-json\/wp\/v2\/pages\/21\/revisions\/556"}],"wp:attachment":[{"href":"https:\/\/www.uvm.edu\/neurobotics\/wp-json\/wp\/v2\/media?parent=21"}],"curies":[{"name":"wp","href":"https:\/\/api.w.org\/{rel}","templated":true}]}}